{"id":152,"date":"2025-08-22T15:11:47","date_gmt":"2025-08-22T15:11:47","guid":{"rendered":"https:\/\/polariseyewear.pt\/?page_id=152"},"modified":"2026-03-18T15:37:49","modified_gmt":"2026-03-18T15:37:49","slug":"a-marca","status":"publish","type":"page","link":"https:\/\/polariseyewear.pt\/es\/a-marca\/","title":{"rendered":"La Marca"},"content":{"rendered":"<div data-elementor-type=\"wp-page\" data-elementor-id=\"152\" class=\"elementor elementor-152\">\n\t\t\t\t<div class=\"elementor-element elementor-element-2296815 e-con-full e-flex e-con e-parent\" data-id=\"2296815\" data-element_type=\"container\" data-e-type=\"container\" data-settings=\"{&quot;background_background&quot;:&quot;classic&quot;}\">\n\t\t\t\t<div class=\"elementor-element elementor-element-e3a0914 elementor-widget elementor-widget-heading\" data-id=\"e3a0914\" data-element_type=\"widget\" data-e-type=\"widget\" data-widget_type=\"heading.default\">\n\t\t\t\t\t<h1 class=\"elementor-heading-title elementor-size-default\">LA MARCA<\/h1>\t\t\t\t<\/div>\n\t\t\t\t<\/div>\n\t\t<div class=\"elementor-element elementor-element-dcb4707 e-flex e-con-boxed e-con e-parent\" data-id=\"dcb4707\" data-element_type=\"container\" data-e-type=\"container\">\n\t\t\t\t\t<div class=\"e-con-inner\">\n\t\t\t\t<div class=\"elementor-element elementor-element-e315fef elementor-widget elementor-widget-heading\" data-id=\"e315fef\" data-element_type=\"widget\" data-e-type=\"widget\" data-widget_type=\"heading.default\">\n\t\t\t\t\t<h2 class=\"elementor-heading-title elementor-size-default\">HISTORIA DE LA MARCA<\/h2>\t\t\t\t<\/div>\n\t\t\t\t<div class=\"elementor-element elementor-element-eb5337d elementor-widget elementor-widget-text-editor\" data-id=\"eb5337d\" data-element_type=\"widget\" data-e-type=\"widget\" data-widget_type=\"text-editor.default\">\n\t\t\t\t\t\t\t\t\t<p><strong>Todo comenz\u00f3 con una pregunta sencilla: \u00ab\u00bfY si las gafas de sol pudieran hacer algo m\u00e1s que proteger los ojos?\u00bb.<\/strong><br \/><br \/>Polaris naci\u00f3 del deseo de convertir la experiencia visual en un aut\u00e9ntico estilo de vida.<br \/>Inspirada por el contraste entre la intensidad de la vida urbana y la libertad de los paisajes naturales, la marca surgi\u00f3 con una misi\u00f3n clara \u2014 crear gafas que combinaran tecnolog\u00eda avanzada, dise\u00f1o contempor\u00e1neo y funcionalidad real. Gafas para quienes viven en movimiento, con una mirada atenta a los detalles, la est\u00e9tica y el rendimiento.<br \/>Cada modelo ha sido dise\u00f1ado para responder a las exigencias del mundo moderno, sin perder nunca de vista lo esencial: ver mejor, con mayor comodidad, con mayor definici\u00f3n y con m\u00e1s estilo.<\/p>\t\t\t\t\t\t\t\t<\/div>\n\t\t\t\t\t<\/div>\n\t\t\t\t<\/div>\n\t\t<div class=\"elementor-element elementor-element-5c4157b e-flex e-con-boxed elementor-invisible e-con e-parent\" data-id=\"5c4157b\" data-element_type=\"container\" data-e-type=\"container\" data-settings=\"{&quot;animation&quot;:&quot;fadeInUp&quot;}\">\n\t\t\t\t\t<div class=\"e-con-inner\">\n\t\t<div class=\"elementor-element elementor-element-634fdcb e-con-full e-flex e-con e-child\" data-id=\"634fdcb\" data-element_type=\"container\" data-e-type=\"container\" data-settings=\"{&quot;background_background&quot;:&quot;classic&quot;}\">\n\t\t\t\t<\/div>\n\t\t<div class=\"elementor-element elementor-element-777eea9 e-con-full e-flex e-con e-child\" data-id=\"777eea9\" data-element_type=\"container\" data-e-type=\"container\" data-settings=\"{&quot;background_background&quot;:&quot;classic&quot;}\">\n\t\t\t\t<div class=\"elementor-element elementor-element-8d3adc9 elementor-widget elementor-widget-heading\" data-id=\"8d3adc9\" data-element_type=\"widget\" data-e-type=\"widget\" data-widget_type=\"heading.default\">\n\t\t\t\t\t<h2 class=\"elementor-heading-title elementor-size-default\">TARGET<\/h2>\t\t\t\t<\/div>\n\t\t\t\t<div class=\"elementor-element elementor-element-e11b2ab elementor-widget elementor-widget-text-editor\" data-id=\"e11b2ab\" data-element_type=\"widget\" data-e-type=\"widget\" data-widget_type=\"text-editor.default\">\n\t\t\t\t\t\t\t\t\t<p>Creada para quienes viven con intensidad, exploran con curiosidad y valoran cada detalle.<br \/>Polaris es para quienes buscan algo m\u00e1s que protecci\u00f3n solar \u2014 buscan claridad, estilo y libertad.<br \/>Urbanos, aventureros, creativos o amantes de la tecnolog\u00eda \u2014 nuestro p\u00fablico objetivo comparte una misma visi\u00f3n: ver el mundo con autenticidad y sin l\u00edmites.<\/p>\t\t\t\t\t\t\t\t<\/div>\n\t\t\t\t<\/div>\n\t\t\t\t\t<\/div>\n\t\t\t\t<\/div>\n\t\t<div class=\"elementor-element elementor-element-2145e29 e-flex e-con-boxed elementor-invisible e-con e-parent\" data-id=\"2145e29\" data-element_type=\"container\" data-e-type=\"container\" data-settings=\"{&quot;animation&quot;:&quot;fadeInUp&quot;}\">\n\t\t\t\t\t<div class=\"e-con-inner\">\n\t\t<div class=\"elementor-element elementor-element-2096813 e-con-full e-flex e-con e-child\" data-id=\"2096813\" data-element_type=\"container\" data-e-type=\"container\" data-settings=\"{&quot;background_background&quot;:&quot;classic&quot;}\">\n\t\t\t\t<div class=\"elementor-element elementor-element-c71a56f elementor-widget elementor-widget-heading\" data-id=\"c71a56f\" data-element_type=\"widget\" data-e-type=\"widget\" data-widget_type=\"heading.default\">\n\t\t\t\t\t<h2 class=\"elementor-heading-title elementor-size-default\">CORES<\/h2>\t\t\t\t<\/div>\n\t\t\t\t<div class=\"elementor-element elementor-element-a002948 elementor-widget elementor-widget-text-editor\" data-id=\"a002948\" data-element_type=\"widget\" data-e-type=\"widget\" data-widget_type=\"text-editor.default\">\n\t\t\t\t\t\t\t\t\t<p>Cada color Polaris est\u00e1 pensado para expresar actitud, resaltar la personalidad y realzar el dise\u00f1o.<br \/>Tonos neutros, cl\u00e1sicos o atrevidos, todos con un mismo objetivo \u2014 reflejar tu estilo e intensificar tu mirada.<br \/>M\u00e1s que una elecci\u00f3n est\u00e9tica, los colores Polaris forman parte de la experiencia sensorial que ofrecemos a la vista.<\/p>\t\t\t\t\t\t\t\t<\/div>\n\t\t\t\t<\/div>\n\t\t<div class=\"elementor-element elementor-element-9c9d5f2 e-con-full e-flex e-con e-child\" data-id=\"9c9d5f2\" data-element_type=\"container\" data-e-type=\"container\" data-settings=\"{&quot;background_background&quot;:&quot;classic&quot;}\">\n\t\t\t\t<\/div>\n\t\t\t\t\t<\/div>\n\t\t\t\t<\/div>\n\t\t<div class=\"elementor-element elementor-element-b5579eb e-flex e-con-boxed e-con e-parent\" data-id=\"b5579eb\" data-element_type=\"container\" data-e-type=\"container\">\n\t\t\t\t\t<div class=\"e-con-inner\">\n\t\t<div class=\"elementor-element elementor-element-3e77468 e-con-full e-flex e-con e-child\" data-id=\"3e77468\" data-element_type=\"container\" data-e-type=\"container\">\n\t\t\t\t<div class=\"elementor-element elementor-element-3480163 elementor-widget elementor-widget-heading\" data-id=\"3480163\" data-element_type=\"widget\" data-e-type=\"widget\" data-widget_type=\"heading.default\">\n\t\t\t\t\t<h4 class=\"elementor-heading-title elementor-size-default\">INOVADORA<\/h4>\t\t\t\t<\/div>\n\t\t\t\t<\/div>\n\t\t<div class=\"elementor-element elementor-element-02bb031 e-con-full e-flex e-con e-child\" data-id=\"02bb031\" data-element_type=\"container\" data-e-type=\"container\">\n\t\t\t\t<div class=\"elementor-element elementor-element-92b6f26 elementor-widget elementor-widget-heading\" data-id=\"92b6f26\" data-element_type=\"widget\" data-e-type=\"widget\" data-widget_type=\"heading.default\">\n\t\t\t\t\t<h4 class=\"elementor-heading-title elementor-size-default\">URBANA<\/h4>\t\t\t\t<\/div>\n\t\t\t\t<\/div>\n\t\t<div class=\"elementor-element elementor-element-5a8d307 e-con-full e-flex e-con e-child\" data-id=\"5a8d307\" data-element_type=\"container\" data-e-type=\"container\">\n\t\t\t\t<div class=\"elementor-element elementor-element-4850a8e elementor-widget elementor-widget-heading\" data-id=\"4850a8e\" data-element_type=\"widget\" data-e-type=\"widget\" data-widget_type=\"heading.default\">\n\t\t\t\t\t<h4 class=\"elementor-heading-title elementor-size-default\">DEPORTIVA<\/h4>\t\t\t\t<\/div>\n\t\t\t\t<\/div>\n\t\t<div class=\"elementor-element elementor-element-b16d4d1 e-con-full e-flex e-con e-child\" data-id=\"b16d4d1\" data-element_type=\"container\" data-e-type=\"container\">\n\t\t\t\t<div class=\"elementor-element elementor-element-335cff7 elementor-widget elementor-widget-heading\" data-id=\"335cff7\" data-element_type=\"widget\" data-e-type=\"widget\" data-widget_type=\"heading.default\">\n\t\t\t\t\t<h4 class=\"elementor-heading-title elementor-size-default\">VINTAGE<\/h4>\t\t\t\t<\/div>\n\t\t\t\t<\/div>\n\t\t<div class=\"elementor-element elementor-element-486a45f e-con-full e-flex e-con e-child\" data-id=\"486a45f\" data-element_type=\"container\" data-e-type=\"container\">\n\t\t\t\t<div class=\"elementor-element elementor-element-fa91b2f elementor-widget elementor-widget-heading\" data-id=\"fa91b2f\" data-element_type=\"widget\" data-e-type=\"widget\" data-widget_type=\"heading.default\">\n\t\t\t\t\t<h4 class=\"elementor-heading-title elementor-size-default\">TECNOL\u00d3GICA<\/h4>\t\t\t\t<\/div>\n\t\t\t\t<\/div>\n\t\t\t\t\t<\/div>\n\t\t\t\t<\/div>\n\t\t<div class=\"elementor-element elementor-element-e0f8309 e-flex e-con-boxed e-con e-parent\" data-id=\"e0f8309\" data-element_type=\"container\" data-e-type=\"container\">\n\t\t\t\t\t<div class=\"e-con-inner\">\n\t\t<div class=\"elementor-element elementor-element-6402d28 e-con-full e-flex e-con e-child\" data-id=\"6402d28\" data-element_type=\"container\" data-e-type=\"container\">\n\t\t\t\t<div class=\"elementor-element elementor-element-fce676e elementor-widget elementor-widget-text-editor\" data-id=\"fce676e\" data-element_type=\"widget\" data-e-type=\"widget\" data-widget_type=\"text-editor.default\">\n\t\t\t\t\t\t\t\t\t<p>Dise\u00f1o moderno, ligeros y con una calidad visual impresionante.<br \/>Se nota que est\u00e1n pensados al detalle.<\/p>\t\t\t\t\t\t\t\t<\/div>\n\t\t\t\t<div class=\"elementor-element elementor-element-dc8cafc elementor-view-default elementor-widget elementor-widget-icon\" data-id=\"dc8cafc\" data-element_type=\"widget\" data-e-type=\"widget\" data-widget_type=\"icon.default\">\n\t\t\t\t\t\t\t<div class=\"elementor-icon-wrapper\">\n\t\t\t<div class=\"elementor-icon\">\n\t\t\t<svg aria-hidden=\"true\" class=\"e-font-icon-svg e-fas-quote-right\" viewbox=\"0 0 512 512\" xmlns=\"http:\/\/www.w3.org\/2000\/svg\"><path d=\"M464 32H336c-26.5 0-48 21.5-48 48v128c0 26.5 21.5 48 48 48h80v64c0 35.3-28.7 64-64 64h-8c-13.3 0-24 10.7-24 24v48c0 13.3 10.7 24 24 24h8c88.4 0 160-71.6 160-160V80c0-26.5-21.5-48-48-48zm-288 0H48C21.5 32 0 53.5 0 80v128c0 26.5 21.5 48 48 48h80v64c0 35.3-28.7 64-64 64h-8c-13.3 0-24 10.7-24 24v48c0 13.3 10.7 24 24 24h8c88.4 0 160-71.6 160-160V80c0-26.5-21.5-48-48-48z\"><\/path><\/svg>\t\t\t<\/div>\n\t\t<\/div>\n\t\t\t\t\t\t<\/div>\n\t\t\t\t<\/div>\n\t\t<div class=\"elementor-element elementor-element-27d6c16 e-con-full e-flex e-con e-child\" data-id=\"27d6c16\" data-element_type=\"container\" data-e-type=\"container\">\n\t\t\t\t<div class=\"elementor-element elementor-element-7b04320 elementor-widget elementor-widget-text-editor\" data-id=\"7b04320\" data-element_type=\"widget\" data-e-type=\"widget\" data-widget_type=\"text-editor.default\">\n\t\t\t\t\t\t\t\t\t<p>Me encanta su est\u00e9tica, pero lo que m\u00e1s me sorprendi\u00f3 fue su funcionalidad. Son de esas gafas que se convierten en parte de tu d\u00eda a d\u00eda.<\/p>\t\t\t\t\t\t\t\t<\/div>\n\t\t\t\t<div class=\"elementor-element elementor-element-c131253 elementor-view-default elementor-widget elementor-widget-icon\" data-id=\"c131253\" data-element_type=\"widget\" data-e-type=\"widget\" data-widget_type=\"icon.default\">\n\t\t\t\t\t\t\t<div class=\"elementor-icon-wrapper\">\n\t\t\t<div class=\"elementor-icon\">\n\t\t\t<svg aria-hidden=\"true\" class=\"e-font-icon-svg e-fas-quote-right\" viewbox=\"0 0 512 512\" xmlns=\"http:\/\/www.w3.org\/2000\/svg\"><path d=\"M464 32H336c-26.5 0-48 21.5-48 48v128c0 26.5 21.5 48 48 48h80v64c0 35.3-28.7 64-64 64h-8c-13.3 0-24 10.7-24 24v48c0 13.3 10.7 24 24 24h8c88.4 0 160-71.6 160-160V80c0-26.5-21.5-48-48-48zm-288 0H48C21.5 32 0 53.5 0 80v128c0 26.5 21.5 48 48 48h80v64c0 35.3-28.7 64-64 64h-8c-13.3 0-24 10.7-24 24v48c0 13.3 10.7 24 24 24h8c88.4 0 160-71.6 160-160V80c0-26.5-21.5-48-48-48z\"><\/path><\/svg>\t\t\t<\/div>\n\t\t<\/div>\n\t\t\t\t\t\t<\/div>\n\t\t\t\t<\/div>\n\t\t<div class=\"elementor-element elementor-element-b880632 e-con-full e-flex e-con e-child\" data-id=\"b880632\" data-element_type=\"container\" data-e-type=\"container\">\n\t\t\t\t<div class=\"elementor-element elementor-element-6b3d75f elementor-widget elementor-widget-text-editor\" data-id=\"6b3d75f\" data-element_type=\"widget\" data-e-type=\"widget\" data-widget_type=\"text-editor.default\">\n\t\t\t\t\t\t\t\t\t<p>C\u00f3modas desde el primer minuto. Las lentes marcan realmente la diferencia. \u00a1Las uso todos los d\u00edas y se las recomiendo a todo el mundo!<\/p>\t\t\t\t\t\t\t\t<\/div>\n\t\t\t\t<div class=\"elementor-element elementor-element-29ff5bf elementor-view-default elementor-widget elementor-widget-icon\" data-id=\"29ff5bf\" data-element_type=\"widget\" data-e-type=\"widget\" data-widget_type=\"icon.default\">\n\t\t\t\t\t\t\t<div class=\"elementor-icon-wrapper\">\n\t\t\t<div class=\"elementor-icon\">\n\t\t\t<svg aria-hidden=\"true\" class=\"e-font-icon-svg e-fas-quote-right\" viewbox=\"0 0 512 512\" xmlns=\"http:\/\/www.w3.org\/2000\/svg\"><path d=\"M464 32H336c-26.5 0-48 21.5-48 48v128c0 26.5 21.5 48 48 48h80v64c0 35.3-28.7 64-64 64h-8c-13.3 0-24 10.7-24 24v48c0 13.3 10.7 24 24 24h8c88.4 0 160-71.6 160-160V80c0-26.5-21.5-48-48-48zm-288 0H48C21.5 32 0 53.5 0 80v128c0 26.5 21.5 48 48 48h80v64c0 35.3-28.7 64-64 64h-8c-13.3 0-24 10.7-24 24v48c0 13.3 10.7 24 24 24h8c88.4 0 160-71.6 160-160V80c0-26.5-21.5-48-48-48z\"><\/path><\/svg>\t\t\t<\/div>\n\t\t<\/div>\n\t\t\t\t\t\t<\/div>\n\t\t\t\t<\/div>\n\t\t\t\t\t<\/div>\n\t\t\t\t<\/div>\n\t\t\t\t<\/div>","protected":false},"excerpt":{"rendered":"<p>A MARCA HIST\u00d3RIA DA MARCA Tudo come\u00e7ou com uma pergunta simples: \u201cE se os \u00f3culos de sol pudessem ir al\u00e9m [&hellip;]<\/p>\n","protected":false},"author":1,"featured_media":0,"parent":0,"menu_order":0,"comment_status":"closed","ping_status":"closed","template":"","meta":{"inline_featured_image":false,"site-sidebar-layout":"no-sidebar","site-content-layout":"","ast-site-content-layout":"full-width-container","site-content-style":"default","site-sidebar-style":"default","ast-global-header-display":"","ast-banner-title-visibility":"","ast-main-header-display":"","ast-hfb-above-header-display":"","ast-hfb-below-header-display":"","ast-hfb-mobile-header-display":"","site-post-title":"disabled","ast-breadcrumbs-content":"","ast-featured-img":"disabled","footer-sml-layout":"","ast-disable-related-posts":"","theme-transparent-header-meta":"","adv-header-id-meta":"","stick-header-meta":"","header-above-stick-meta":"","header-main-stick-meta":"","header-below-stick-meta":"","astra-migrate-meta-layouts":"default","ast-page-background-enabled":"default","ast-page-background-meta":{"desktop":{"background-color":"var(--ast-global-color-5)","background-image":"","background-repeat":"repeat","background-position":"center center","background-size":"auto","background-attachment":"scroll","background-type":"","background-media":"","overlay-type":"","overlay-color":"","overlay-opacity":"","overlay-gradient":""},"tablet":{"background-color":"","background-image":"","background-repeat":"repeat","background-position":"center center","background-size":"auto","background-attachment":"scroll","background-type":"","background-media":"","overlay-type":"","overlay-color":"","overlay-opacity":"","overlay-gradient":""},"mobile":{"background-color":"","background-image":"","background-repeat":"repeat","background-position":"center center","background-size":"auto","background-attachment":"scroll","background-type":"","background-media":"","overlay-type":"","overlay-color":"","overlay-opacity":"","overlay-gradient":""}},"ast-content-background-meta":{"desktop":{"background-color":"var(--ast-global-color-4)","background-image":"","background-repeat":"repeat","background-position":"center center","background-size":"auto","background-attachment":"scroll","background-type":"","background-media":"","overlay-type":"","overlay-color":"","overlay-opacity":"","overlay-gradient":""},"tablet":{"background-color":"var(--ast-global-color-4)","background-image":"","background-repeat":"repeat","background-position":"center center","background-size":"auto","background-attachment":"scroll","background-type":"","background-media":"","overlay-type":"","overlay-color":"","overlay-opacity":"","overlay-gradient":""},"mobile":{"background-color":"var(--ast-global-color-4)","background-image":"","background-repeat":"repeat","background-position":"center center","background-size":"auto","background-attachment":"scroll","background-type":"","background-media":"","overlay-type":"","overlay-color":"","overlay-opacity":"","overlay-gradient":""}},"footnotes":""},"class_list":["post-152","page","type-page","status-publish","hentry"],"yoast_head":"<!-- This site is optimized with the Yoast SEO plugin v27.4 - https:\/\/yoast.com\/product\/yoast-seo-wordpress\/ -->\n<title>A Marca - Polaris Eyewear<\/title>\n<meta name=\"robots\" content=\"index, follow, max-snippet:-1, max-image-preview:large, max-video-preview:-1\" \/>\n<link rel=\"canonical\" href=\"https:\/\/polariseyewear.pt\/es\/a-marca\/\" \/>\n<meta property=\"og:locale\" content=\"es_ES\" \/>\n<meta property=\"og:type\" content=\"article\" \/>\n<meta property=\"og:title\" content=\"A Marca - Polaris Eyewear\" \/>\n<meta property=\"og:description\" content=\"A MARCA HIST\u00d3RIA DA MARCA Tudo come\u00e7ou com uma pergunta simples: \u201cE se os \u00f3culos de sol pudessem ir al\u00e9m [&hellip;]\" \/>\n<meta property=\"og:url\" content=\"https:\/\/polariseyewear.pt\/es\/a-marca\/\" \/>\n<meta property=\"og:site_name\" content=\"Polaris Eyewear\" \/>\n<meta property=\"article:modified_time\" content=\"2026-03-18T15:37:49+00:00\" \/>\n<meta name=\"twitter:card\" content=\"summary_large_image\" \/>\n<meta name=\"twitter:label1\" content=\"Tiempo de lectura\" \/>\n\t<meta name=\"twitter:data1\" content=\"2 minutos\" \/>\n<script type=\"application\/ld+json\" class=\"yoast-schema-graph\">{\"@context\":\"https:\\\/\\\/schema.org\",\"@graph\":[{\"@type\":\"WebPage\",\"@id\":\"https:\\\/\\\/polariseyewear.pt\\\/a-marca\\\/\",\"url\":\"https:\\\/\\\/polariseyewear.pt\\\/a-marca\\\/\",\"name\":\"A Marca - Polaris Eyewear\",\"isPartOf\":{\"@id\":\"https:\\\/\\\/polariseyewear.pt\\\/#website\"},\"datePublished\":\"2025-08-22T15:11:47+00:00\",\"dateModified\":\"2026-03-18T15:37:49+00:00\",\"breadcrumb\":{\"@id\":\"https:\\\/\\\/polariseyewear.pt\\\/a-marca\\\/#breadcrumb\"},\"inLanguage\":\"es\",\"potentialAction\":[{\"@type\":\"ReadAction\",\"target\":[\"https:\\\/\\\/polariseyewear.pt\\\/a-marca\\\/\"]}]},{\"@type\":\"BreadcrumbList\",\"@id\":\"https:\\\/\\\/polariseyewear.pt\\\/a-marca\\\/#breadcrumb\",\"itemListElement\":[{\"@type\":\"ListItem\",\"position\":1,\"name\":\"In\u00edcio\",\"item\":\"https:\\\/\\\/polariseyewear.pt\\\/\"},{\"@type\":\"ListItem\",\"position\":2,\"name\":\"A Marca\"}]},{\"@type\":\"WebSite\",\"@id\":\"https:\\\/\\\/polariseyewear.pt\\\/#website\",\"url\":\"https:\\\/\\\/polariseyewear.pt\\\/\",\"name\":\"Polaris Eyewear\",\"description\":\"\",\"publisher\":{\"@id\":\"https:\\\/\\\/polariseyewear.pt\\\/#organization\"},\"potentialAction\":[{\"@type\":\"SearchAction\",\"target\":{\"@type\":\"EntryPoint\",\"urlTemplate\":\"https:\\\/\\\/polariseyewear.pt\\\/?s={search_term_string}\"},\"query-input\":{\"@type\":\"PropertyValueSpecification\",\"valueRequired\":true,\"valueName\":\"search_term_string\"}}],\"inLanguage\":\"es\"},{\"@type\":\"Organization\",\"@id\":\"https:\\\/\\\/polariseyewear.pt\\\/#organization\",\"name\":\"Polaris Eyewear\",\"url\":\"https:\\\/\\\/polariseyewear.pt\\\/\",\"logo\":{\"@type\":\"ImageObject\",\"inLanguage\":\"es\",\"@id\":\"https:\\\/\\\/polariseyewear.pt\\\/#\\\/schema\\\/logo\\\/image\\\/\",\"url\":\"https:\\\/\\\/polariseyewear.pt\\\/wp-content\\\/uploads\\\/2025\\\/08\\\/Logo-Polaris.svg\",\"contentUrl\":\"https:\\\/\\\/polariseyewear.pt\\\/wp-content\\\/uploads\\\/2025\\\/08\\\/Logo-Polaris.svg\",\"width\":277,\"height\":100,\"caption\":\"Polaris Eyewear\"},\"image\":{\"@id\":\"https:\\\/\\\/polariseyewear.pt\\\/#\\\/schema\\\/logo\\\/image\\\/\"}}]}<\/script>\n<!-- \/ Yoast SEO plugin. -->","yoast_head_json":{"title":"A Marca - Polaris Eyewear","robots":{"index":"index","follow":"follow","max-snippet":"max-snippet:-1","max-image-preview":"max-image-preview:large","max-video-preview":"max-video-preview:-1"},"canonical":"https:\/\/polariseyewear.pt\/es\/a-marca\/","og_locale":"es_ES","og_type":"article","og_title":"A Marca - Polaris Eyewear","og_description":"A MARCA HIST\u00d3RIA DA MARCA Tudo come\u00e7ou com uma pergunta simples: \u201cE se os \u00f3culos de sol pudessem ir al\u00e9m [&hellip;]","og_url":"https:\/\/polariseyewear.pt\/es\/a-marca\/","og_site_name":"Polaris Eyewear","article_modified_time":"2026-03-18T15:37:49+00:00","twitter_card":"summary_large_image","twitter_misc":{"Tiempo de lectura":"2 minutos"},"schema":{"@context":"https:\/\/schema.org","@graph":[{"@type":"WebPage","@id":"https:\/\/polariseyewear.pt\/a-marca\/","url":"https:\/\/polariseyewear.pt\/a-marca\/","name":"A Marca - Polaris Eyewear","isPartOf":{"@id":"https:\/\/polariseyewear.pt\/#website"},"datePublished":"2025-08-22T15:11:47+00:00","dateModified":"2026-03-18T15:37:49+00:00","breadcrumb":{"@id":"https:\/\/polariseyewear.pt\/a-marca\/#breadcrumb"},"inLanguage":"es","potentialAction":[{"@type":"ReadAction","target":["https:\/\/polariseyewear.pt\/a-marca\/"]}]},{"@type":"BreadcrumbList","@id":"https:\/\/polariseyewear.pt\/a-marca\/#breadcrumb","itemListElement":[{"@type":"ListItem","position":1,"name":"In\u00edcio","item":"https:\/\/polariseyewear.pt\/"},{"@type":"ListItem","position":2,"name":"A Marca"}]},{"@type":"WebSite","@id":"https:\/\/polariseyewear.pt\/#website","url":"https:\/\/polariseyewear.pt\/","name":"Polaris Eyewear","description":"","publisher":{"@id":"https:\/\/polariseyewear.pt\/#organization"},"potentialAction":[{"@type":"SearchAction","target":{"@type":"EntryPoint","urlTemplate":"https:\/\/polariseyewear.pt\/?s={search_term_string}"},"query-input":{"@type":"PropertyValueSpecification","valueRequired":true,"valueName":"search_term_string"}}],"inLanguage":"es"},{"@type":"Organization","@id":"https:\/\/polariseyewear.pt\/#organization","name":"Polaris Eyewear","url":"https:\/\/polariseyewear.pt\/","logo":{"@type":"ImageObject","inLanguage":"es","@id":"https:\/\/polariseyewear.pt\/#\/schema\/logo\/image\/","url":"https:\/\/polariseyewear.pt\/wp-content\/uploads\/2025\/08\/Logo-Polaris.svg","contentUrl":"https:\/\/polariseyewear.pt\/wp-content\/uploads\/2025\/08\/Logo-Polaris.svg","width":277,"height":100,"caption":"Polaris Eyewear"},"image":{"@id":"https:\/\/polariseyewear.pt\/#\/schema\/logo\/image\/"}}]}},"_links":{"self":[{"href":"https:\/\/polariseyewear.pt\/es\/wp-json\/wp\/v2\/pages\/152","targetHints":{"allow":["GET"]}}],"collection":[{"href":"https:\/\/polariseyewear.pt\/es\/wp-json\/wp\/v2\/pages"}],"about":[{"href":"https:\/\/polariseyewear.pt\/es\/wp-json\/wp\/v2\/types\/page"}],"author":[{"embeddable":true,"href":"https:\/\/polariseyewear.pt\/es\/wp-json\/wp\/v2\/users\/1"}],"replies":[{"embeddable":true,"href":"https:\/\/polariseyewear.pt\/es\/wp-json\/wp\/v2\/comments?post=152"}],"version-history":[{"count":37,"href":"https:\/\/polariseyewear.pt\/es\/wp-json\/wp\/v2\/pages\/152\/revisions"}],"predecessor-version":[{"id":820,"href":"https:\/\/polariseyewear.pt\/es\/wp-json\/wp\/v2\/pages\/152\/revisions\/820"}],"wp:attachment":[{"href":"https:\/\/polariseyewear.pt\/es\/wp-json\/wp\/v2\/media?parent=152"}],"curies":[{"name":"wp","href":"https:\/\/api.w.org\/{rel}","templated":true}]}}