{"id":3,"date":"2025-08-04T14:59:13","date_gmt":"2025-08-04T14:59:13","guid":{"rendered":"https:\/\/polariseyewear.pt\/?page_id=3"},"modified":"2025-10-03T12:06:30","modified_gmt":"2025-10-03T12:06:30","slug":"privacy-policy","status":"publish","type":"page","link":"https:\/\/polariseyewear.pt\/es\/privacy-policy\/","title":{"rendered":"Pol\u00edtica de Privacidad"},"content":{"rendered":"<div data-elementor-type=\"wp-page\" data-elementor-id=\"3\" class=\"elementor elementor-3\">\n\t\t\t\t<div class=\"elementor-element elementor-element-59421d7f e-flex e-con-boxed e-con e-parent\" data-id=\"59421d7f\" data-element_type=\"container\" data-e-type=\"container\">\n\t\t\t\t\t<div class=\"e-con-inner\">\n\t\t\t\t<div class=\"elementor-element elementor-element-6c568d95 elementor-widget elementor-widget-text-editor\" data-id=\"6c568d95\" data-element_type=\"widget\" data-e-type=\"widget\" data-widget_type=\"text-editor.default\">\n\t\t\t\t\t\t\t\t\t\n<p><strong>Pol\u00edtica de privacidad de Polaris Eyewear<\/strong><\/p>\n<p>Toda la informaci\u00f3n personal que recopile se utilizar\u00e1 para que su visita a nuestro sitio sea lo m\u00e1s productiva y agradable posible.<\/p>\n<p>Garantizar la confidencialidad de los datos personales de los usuarios de nuestro sitio web es importante para Polaris Eyewear.<\/p>\n<p>Toda la informaci\u00f3n personal relativa a miembros, suscriptores, clientes o visitantes que utilicen Polaris Eyewear se tratar\u00e1 de conformidad con el Reglamento (UE) 2016\/679 (Reglamento General de Protecci\u00f3n de Datos - RGPD) y con la Ley n.\u00ba 58\/2019, de 8 de agosto, que garantiza la aplicaci\u00f3n del RGPD en Portugal.<\/p>\n<p>La informaci\u00f3n personal recopilada puede incluir su nombre, direcci\u00f3n de correo electr\u00f3nico, n\u00famero de tel\u00e9fono fijo y\/o m\u00f3vil, direcci\u00f3n, fecha de nacimiento y\/u otros.<\/p>\n<p>El uso de Polaris Eyewear implica la aceptaci\u00f3n de este Acuerdo de Privacidad. El equipo de Polaris Eyewear se reserva el derecho de modificar este acuerdo sin previo aviso. Por lo tanto, le recomendamos que consulte nuestra pol\u00edtica de privacidad con regularidad para estar siempre al d\u00eda.<\/p>\n<p>Adem\u00e1s, informamos que:<\/p>\n<ul>\n<li>Los datos personales solo se tratar\u00e1n para los fines estrictamente necesarios.<\/li>\n<li>Los datos se conservan solo durante el tiempo necesario para cada finalidad o durante el plazo legal aplicable.<\/li>\n<li>Los datos no se transfieren fuera de la Uni\u00f3n Europea ni del Espacio Econ\u00f3mico Europeo.<\/li>\n<li>El usuario tiene derecho a acceder, rectificar, suprimir, limitar u oponerse al tratamiento de sus datos, as\u00ed como a solicitar su portabilidad.<\/li>\n<li>Puede retirar el consentimiento prestado en cualquier momento, sin que ello afecte a la licitud del tratamiento previo.<\/li>\n<li>Tambi\u00e9n tiene derecho a presentar una reclamaci\u00f3n ante la CNPD (Comisi\u00f3n Nacional de Protecci\u00f3n de Datos) (<a href=\"http:\/\/www.cnpd.pt\/\">www.cnpd.pt<\/a>).<\/li>\n<li>Para ejercer sus derechos, puede ponerse en contacto con nosotros a trav\u00e9s de\u00a0<a href=\"mailto:prooptica@prooptica.pt\">prooptica@prooptica.pt<\/a>.<\/li>\n<\/ul>\n<p><strong>Los anuncios<\/strong><\/p>\n<p>Al igual que otros sitios web, recopilamos y utilizamos la informaci\u00f3n contenida en los anuncios. La informaci\u00f3n puede incluir su direcci\u00f3n IP (Protocolo de Internet), su ISP (Proveedor de Servicios de Internet, como Sapo, Clix u otro), el navegador que utiliz\u00f3 al visitar nuestro sitio web (como Chrome, Firefox o Edge), la duraci\u00f3n de su visita y las p\u00e1ginas visitadas dentro de nuestro sitio web.<\/p>\n<p><strong>Cookie DoubleClick Dart<\/strong><\/p>\n<p>Google, como proveedor externo, utiliza cookies para publicar anuncios en nuestro sitio web;<\/p>\n<p>Con la cookie de DART, Google puede mostrarle anuncios basados en sus visitas a otros sitios web en Internet;<\/p>\n<p>Los usuarios pueden desactivar la cookie DART visitando la Pol\u00edtica de privacidad de la red de contenido y anuncios de Google.<\/p>\n<p><strong>Cookies y Web Beacons<\/strong><\/p>\n<p>Utilizamos cookies para almacenar informaci\u00f3n, como sus preferencias personales cuando visita nuestro sitio web. Esto puede incluir una simple ventana emergente o la conexi\u00f3n a varios servicios que ofrecemos.<\/p>\n<p>El usuario tiene la posibilidad de desactivar las cookies en las opciones de su navegador o realizando cambios en las herramientas de los programas antivirus. Sin embargo, esto puede afectar a la forma en que interact\u00faa con nuestro sitio web u otros sitios web.<\/p>\n<p>De acuerdo con el RGPD y la legislaci\u00f3n aplicable, las cookies que no sean estrictamente necesarias solo se utilizar\u00e1n con el consentimiento previo e informado del usuario, quien podr\u00e1 gestionarlas o retirarlas en cualquier momento.<\/p>\n<p><strong>Enlaces a sitios de terceros<\/strong><\/p>\n<p>Polaris Eyewear puede contener enlaces a otros sitios web que, en nuestra opini\u00f3n, pueden contener informaci\u00f3n o herramientas \u00fatiles para nuestros visitantes. Nuestra pol\u00edtica de privacidad no se aplica a sitios web de terceros, por lo que, si visita otro sitio web desde el nuestro, debe leer la pol\u00edtica de privacidad del mismo.<\/p>\n<p>No somos responsables de la pol\u00edtica de privacidad ni del contenido de estos sitios.<\/p>\n<p><em>\u00daltima actualizaci\u00f3n: Octubre de 2025<\/em><\/p>\t\t\t\t\t\t\t\t<\/div>\n\t\t\t\t\t<\/div>\n\t\t\t\t<\/div>\n\t\t\t\t<\/div>","protected":false},"excerpt":{"rendered":"<p>Pol\u00edtica de privacidade para Polaris Eyewear Todas as suas informa\u00e7\u00f5es pessoais recolhidas ser\u00e3o usadas para o ajudar a tornar a [&hellip;]<\/p>\n","protected":false},"author":1,"featured_media":0,"parent":0,"menu_order":0,"comment_status":"closed","ping_status":"closed","template":"","meta":{"inline_featured_image":false,"site-sidebar-layout":"default","site-content-layout":"","ast-site-content-layout":"default","site-content-style":"default","site-sidebar-style":"default","ast-global-header-display":"","ast-banner-title-visibility":"","ast-main-header-display":"","ast-hfb-above-header-display":"","ast-hfb-below-header-display":"","ast-hfb-mobile-header-display":"","site-post-title":"","ast-breadcrumbs-content":"","ast-featured-img":"","footer-sml-layout":"","ast-disable-related-posts":"","theme-transparent-header-meta":"","adv-header-id-meta":"","stick-header-meta":"","header-above-stick-meta":"","header-main-stick-meta":"","header-below-stick-meta":"","astra-migrate-meta-layouts":"default","ast-page-background-enabled":"default","ast-page-background-meta":{"desktop":{"background-color":"var(--ast-global-color-5)","background-image":"","background-repeat":"repeat","background-position":"center center","background-size":"auto","background-attachment":"scroll","background-type":"","background-media":"","overlay-type":"","overlay-color":"","overlay-opacity":"","overlay-gradient":""},"tablet":{"background-color":"","background-image":"","background-repeat":"repeat","background-position":"center center","background-size":"auto","background-attachment":"scroll","background-type":"","background-media":"","overlay-type":"","overlay-color":"","overlay-opacity":"","overlay-gradient":""},"mobile":{"background-color":"","background-image":"","background-repeat":"repeat","background-position":"center center","background-size":"auto","background-attachment":"scroll","background-type":"","background-media":"","overlay-type":"","overlay-color":"","overlay-opacity":"","overlay-gradient":""}},"ast-content-background-meta":{"desktop":{"background-color":"var(--ast-global-color-4)","background-image":"","background-repeat":"repeat","background-position":"center center","background-size":"auto","background-attachment":"scroll","background-type":"","background-media":"","overlay-type":"","overlay-color":"","overlay-opacity":"","overlay-gradient":""},"tablet":{"background-color":"var(--ast-global-color-4)","background-image":"","background-repeat":"repeat","background-position":"center center","background-size":"auto","background-attachment":"scroll","background-type":"","background-media":"","overlay-type":"","overlay-color":"","overlay-opacity":"","overlay-gradient":""},"mobile":{"background-color":"var(--ast-global-color-4)","background-image":"","background-repeat":"repeat","background-position":"center center","background-size":"auto","background-attachment":"scroll","background-type":"","background-media":"","overlay-type":"","overlay-color":"","overlay-opacity":"","overlay-gradient":""}},"footnotes":""},"class_list":["post-3","page","type-page","status-publish","hentry"],"yoast_head":"<!-- This site is optimized with the Yoast SEO plugin v27.3 - https:\/\/yoast.com\/product\/yoast-seo-wordpress\/ -->\n<title>Pol\u00edtica de Privacidade - Polaris Eyewear<\/title>\n<meta name=\"robots\" content=\"index, follow, max-snippet:-1, max-image-preview:large, max-video-preview:-1\" \/>\n<link rel=\"canonical\" href=\"https:\/\/polariseyewear.pt\/es\/privacy-policy\/\" \/>\n<meta property=\"og:locale\" content=\"es_ES\" \/>\n<meta property=\"og:type\" content=\"article\" \/>\n<meta property=\"og:title\" content=\"Pol\u00edtica de Privacidade - Polaris Eyewear\" \/>\n<meta property=\"og:description\" content=\"Pol\u00edtica de privacidade para Polaris Eyewear Todas as suas informa\u00e7\u00f5es pessoais recolhidas ser\u00e3o usadas para o ajudar a tornar a [&hellip;]\" \/>\n<meta property=\"og:url\" content=\"https:\/\/polariseyewear.pt\/es\/privacy-policy\/\" \/>\n<meta property=\"og:site_name\" content=\"Polaris Eyewear\" \/>\n<meta property=\"article:modified_time\" content=\"2025-10-03T12:06:30+00:00\" \/>\n<meta name=\"twitter:card\" content=\"summary_large_image\" \/>\n<meta name=\"twitter:label1\" content=\"Tiempo de lectura\" \/>\n\t<meta name=\"twitter:data1\" content=\"4 minutos\" \/>\n<script type=\"application\/ld+json\" class=\"yoast-schema-graph\">{\"@context\":\"https:\\\/\\\/schema.org\",\"@graph\":[{\"@type\":\"WebPage\",\"@id\":\"https:\\\/\\\/polariseyewear.pt\\\/privacy-policy\\\/\",\"url\":\"https:\\\/\\\/polariseyewear.pt\\\/privacy-policy\\\/\",\"name\":\"Pol\u00edtica de Privacidade - Polaris Eyewear\",\"isPartOf\":{\"@id\":\"https:\\\/\\\/polariseyewear.pt\\\/#website\"},\"datePublished\":\"2025-08-04T14:59:13+00:00\",\"dateModified\":\"2025-10-03T12:06:30+00:00\",\"breadcrumb\":{\"@id\":\"https:\\\/\\\/polariseyewear.pt\\\/privacy-policy\\\/#breadcrumb\"},\"inLanguage\":\"es\",\"potentialAction\":[{\"@type\":\"ReadAction\",\"target\":[\"https:\\\/\\\/polariseyewear.pt\\\/privacy-policy\\\/\"]}]},{\"@type\":\"BreadcrumbList\",\"@id\":\"https:\\\/\\\/polariseyewear.pt\\\/privacy-policy\\\/#breadcrumb\",\"itemListElement\":[{\"@type\":\"ListItem\",\"position\":1,\"name\":\"In\u00edcio\",\"item\":\"https:\\\/\\\/polariseyewear.pt\\\/\"},{\"@type\":\"ListItem\",\"position\":2,\"name\":\"Pol\u00edtica de Privacidade\"}]},{\"@type\":\"WebSite\",\"@id\":\"https:\\\/\\\/polariseyewear.pt\\\/#website\",\"url\":\"https:\\\/\\\/polariseyewear.pt\\\/\",\"name\":\"Polaris Eyewear\",\"description\":\"\",\"publisher\":{\"@id\":\"https:\\\/\\\/polariseyewear.pt\\\/#organization\"},\"potentialAction\":[{\"@type\":\"SearchAction\",\"target\":{\"@type\":\"EntryPoint\",\"urlTemplate\":\"https:\\\/\\\/polariseyewear.pt\\\/?s={search_term_string}\"},\"query-input\":{\"@type\":\"PropertyValueSpecification\",\"valueRequired\":true,\"valueName\":\"search_term_string\"}}],\"inLanguage\":\"es\"},{\"@type\":\"Organization\",\"@id\":\"https:\\\/\\\/polariseyewear.pt\\\/#organization\",\"name\":\"Polaris Eyewear\",\"url\":\"https:\\\/\\\/polariseyewear.pt\\\/\",\"logo\":{\"@type\":\"ImageObject\",\"inLanguage\":\"es\",\"@id\":\"https:\\\/\\\/polariseyewear.pt\\\/#\\\/schema\\\/logo\\\/image\\\/\",\"url\":\"https:\\\/\\\/polariseyewear.pt\\\/wp-content\\\/uploads\\\/2025\\\/08\\\/Logo-Polaris.svg\",\"contentUrl\":\"https:\\\/\\\/polariseyewear.pt\\\/wp-content\\\/uploads\\\/2025\\\/08\\\/Logo-Polaris.svg\",\"width\":277,\"height\":100,\"caption\":\"Polaris Eyewear\"},\"image\":{\"@id\":\"https:\\\/\\\/polariseyewear.pt\\\/#\\\/schema\\\/logo\\\/image\\\/\"}}]}<\/script>\n<!-- \/ Yoast SEO plugin. -->","yoast_head_json":{"title":"Pol\u00edtica de Privacidade - Polaris Eyewear","robots":{"index":"index","follow":"follow","max-snippet":"max-snippet:-1","max-image-preview":"max-image-preview:large","max-video-preview":"max-video-preview:-1"},"canonical":"https:\/\/polariseyewear.pt\/es\/privacy-policy\/","og_locale":"es_ES","og_type":"article","og_title":"Pol\u00edtica de Privacidade - Polaris Eyewear","og_description":"Pol\u00edtica de privacidade para Polaris Eyewear Todas as suas informa\u00e7\u00f5es pessoais recolhidas ser\u00e3o usadas para o ajudar a tornar a [&hellip;]","og_url":"https:\/\/polariseyewear.pt\/es\/privacy-policy\/","og_site_name":"Polaris Eyewear","article_modified_time":"2025-10-03T12:06:30+00:00","twitter_card":"summary_large_image","twitter_misc":{"Tiempo de lectura":"4 minutos"},"schema":{"@context":"https:\/\/schema.org","@graph":[{"@type":"WebPage","@id":"https:\/\/polariseyewear.pt\/privacy-policy\/","url":"https:\/\/polariseyewear.pt\/privacy-policy\/","name":"Pol\u00edtica de Privacidade - Polaris Eyewear","isPartOf":{"@id":"https:\/\/polariseyewear.pt\/#website"},"datePublished":"2025-08-04T14:59:13+00:00","dateModified":"2025-10-03T12:06:30+00:00","breadcrumb":{"@id":"https:\/\/polariseyewear.pt\/privacy-policy\/#breadcrumb"},"inLanguage":"es","potentialAction":[{"@type":"ReadAction","target":["https:\/\/polariseyewear.pt\/privacy-policy\/"]}]},{"@type":"BreadcrumbList","@id":"https:\/\/polariseyewear.pt\/privacy-policy\/#breadcrumb","itemListElement":[{"@type":"ListItem","position":1,"name":"In\u00edcio","item":"https:\/\/polariseyewear.pt\/"},{"@type":"ListItem","position":2,"name":"Pol\u00edtica de Privacidade"}]},{"@type":"WebSite","@id":"https:\/\/polariseyewear.pt\/#website","url":"https:\/\/polariseyewear.pt\/","name":"Polaris Eyewear","description":"","publisher":{"@id":"https:\/\/polariseyewear.pt\/#organization"},"potentialAction":[{"@type":"SearchAction","target":{"@type":"EntryPoint","urlTemplate":"https:\/\/polariseyewear.pt\/?s={search_term_string}"},"query-input":{"@type":"PropertyValueSpecification","valueRequired":true,"valueName":"search_term_string"}}],"inLanguage":"es"},{"@type":"Organization","@id":"https:\/\/polariseyewear.pt\/#organization","name":"Polaris Eyewear","url":"https:\/\/polariseyewear.pt\/","logo":{"@type":"ImageObject","inLanguage":"es","@id":"https:\/\/polariseyewear.pt\/#\/schema\/logo\/image\/","url":"https:\/\/polariseyewear.pt\/wp-content\/uploads\/2025\/08\/Logo-Polaris.svg","contentUrl":"https:\/\/polariseyewear.pt\/wp-content\/uploads\/2025\/08\/Logo-Polaris.svg","width":277,"height":100,"caption":"Polaris Eyewear"},"image":{"@id":"https:\/\/polariseyewear.pt\/#\/schema\/logo\/image\/"}}]}},"_links":{"self":[{"href":"https:\/\/polariseyewear.pt\/es\/wp-json\/wp\/v2\/pages\/3","targetHints":{"allow":["GET"]}}],"collection":[{"href":"https:\/\/polariseyewear.pt\/es\/wp-json\/wp\/v2\/pages"}],"about":[{"href":"https:\/\/polariseyewear.pt\/es\/wp-json\/wp\/v2\/types\/page"}],"author":[{"embeddable":true,"href":"https:\/\/polariseyewear.pt\/es\/wp-json\/wp\/v2\/users\/1"}],"replies":[{"embeddable":true,"href":"https:\/\/polariseyewear.pt\/es\/wp-json\/wp\/v2\/comments?post=3"}],"version-history":[{"count":10,"href":"https:\/\/polariseyewear.pt\/es\/wp-json\/wp\/v2\/pages\/3\/revisions"}],"predecessor-version":[{"id":587,"href":"https:\/\/polariseyewear.pt\/es\/wp-json\/wp\/v2\/pages\/3\/revisions\/587"}],"wp:attachment":[{"href":"https:\/\/polariseyewear.pt\/es\/wp-json\/wp\/v2\/media?parent=3"}],"curies":[{"name":"wp","href":"https:\/\/api.w.org\/{rel}","templated":true}]}}